{"id":2,"date":"2026-04-07T09:45:37","date_gmt":"2026-04-07T09:45:37","guid":{"rendered":"https:\/\/carpinteriawardi.rkinformatika.online\/?page_id=2"},"modified":"2026-04-07T15:08:06","modified_gmt":"2026-04-07T15:08:06","slug":"inicio","status":"publish","type":"page","link":"https:\/\/carpinteriawardi.com\/eu\/","title":{"rendered":"Hasiera"},"content":{"rendered":"<div data-elementor-type=\"wp-page\" data-elementor-id=\"2\" class=\"elementor elementor-2\" data-elementor-post-type=\"page\">\n\t\t\t\t<div class=\"elementor-element elementor-element-0f38c6d e-flex e-con-boxed e-con e-parent\" data-id=\"0f38c6d\" data-element_type=\"container\" data-e-type=\"container\" data-settings=\"{&quot;background_background&quot;:&quot;classic&quot;}\">\n\t\t\t\t\t<div class=\"e-con-inner\">\n\t\t\t\t<div class=\"elementor-element elementor-element-6dcced1 elementor-widget elementor-widget-heading\" data-id=\"6dcced1\" data-element_type=\"widget\" data-e-type=\"widget\" data-widget_type=\"heading.default\">\n\t\t\t\t\t<h2 class=\"elementor-heading-title elementor-size-default\">Wardi Arotzeria<\/h2>\t\t\t\t<\/div>\n\t\t\t\t<div class=\"elementor-element elementor-element-8c25961 elementor-widget elementor-widget-text-editor\" data-id=\"8c25961\" data-element_type=\"widget\" data-e-type=\"widget\" data-widget_type=\"text-editor.default\">\n\t\t\t\t\t\t\t\t\t<p>Arotzeriako neurrirako soluzioak<\/p>\t\t\t\t\t\t\t\t<\/div>\n\t\t\t\t\t<\/div>\n\t\t\t\t<\/div>\n\t\t<div class=\"elementor-element elementor-element-caf6f9b e-flex e-con-boxed e-con e-parent\" data-id=\"caf6f9b\" data-element_type=\"container\" data-e-type=\"container\">\n\t\t\t\t\t<div class=\"e-con-inner\">\n\t\t<div class=\"elementor-element elementor-element-dc976ef e-con-full e-flex e-con e-child\" data-id=\"dc976ef\" data-element_type=\"container\" data-e-type=\"container\">\n\t\t\t\t<div class=\"elementor-element elementor-element-1c41cbd elementor-widget elementor-widget-image\" data-id=\"1c41cbd\" data-element_type=\"widget\" data-e-type=\"widget\" data-widget_type=\"image.default\">\n\t\t\t\t\t\t\t\t\t\t\t\t\t\t\t<img fetchpriority=\"high\" decoding=\"async\" width=\"740\" height=\"740\" src=\"https:\/\/carpinteriawardi.com\/wp-content\/uploads\/2026\/04\/imgi_13_power-planer-being-used-flatten-piece-wood_1314467-6520.jpg\" class=\"attachment-large size-large wp-image-86\" alt=\"\" srcset=\"https:\/\/carpinteriawardi.com\/wp-content\/uploads\/2026\/04\/imgi_13_power-planer-being-used-flatten-piece-wood_1314467-6520.jpg 740w, https:\/\/carpinteriawardi.com\/wp-content\/uploads\/2026\/04\/imgi_13_power-planer-being-used-flatten-piece-wood_1314467-6520-300x300.jpg 300w, https:\/\/carpinteriawardi.com\/wp-content\/uploads\/2026\/04\/imgi_13_power-planer-being-used-flatten-piece-wood_1314467-6520-150x150.jpg 150w, https:\/\/carpinteriawardi.com\/wp-content\/uploads\/2026\/04\/imgi_13_power-planer-being-used-flatten-piece-wood_1314467-6520-12x12.jpg 12w, https:\/\/carpinteriawardi.com\/wp-content\/uploads\/2026\/04\/elementor\/thumbs\/imgi_13_power-planer-being-used-flatten-piece-wood_1314467-6520-150x150.jpg 800w, https:\/\/carpinteriawardi.com\/wp-content\/uploads\/2026\/04\/elementor\/thumbs\/imgi_13_power-planer-being-used-flatten-piece-wood_1314467-6520-150x150.jpg 1000w, https:\/\/carpinteriawardi.com\/wp-content\/uploads\/2026\/04\/elementor\/thumbs\/imgi_13_power-planer-being-used-flatten-piece-wood_1314467-6520-150x150.jpg 1500w\" sizes=\"(max-width: 740px) 100vw, 740px\" \/>\t\t\t\t\t\t\t\t\t\t\t\t\t\t\t<\/div>\n\t\t\t\t<\/div>\n\t\t<div class=\"elementor-element elementor-element-f438e98 e-con-full e-flex e-con e-child\" data-id=\"f438e98\" data-element_type=\"container\" data-e-type=\"container\">\n\t\t\t\t<div class=\"elementor-element elementor-element-b240c26 elementor-widget elementor-widget-heading\" data-id=\"b240c26\" data-element_type=\"widget\" data-e-type=\"widget\" data-widget_type=\"heading.default\">\n\t\t\t\t\t<h2 class=\"elementor-heading-title elementor-size-default\">Guri buruz<\/h2>\t\t\t\t<\/div>\n\t\t\t\t<div class=\"elementor-element elementor-element-7f1fedb elementor-widget elementor-widget-text-editor\" data-id=\"7f1fedb\" data-element_type=\"widget\" data-e-type=\"widget\" data-widget_type=\"text-editor.default\">\n\t\t\t\t\t\t\t\t\t<p>Wardi Aroztegian, kalitatezko akaberak dituzten zurezko lanetan espezializatu ginen, eta xehetasunei arreta jarri genien.<\/p><p>Sukaldeak, ateak, armairuak eta zoruak muntatzen ditugu, bezero bakoitzaren beharretara egokituta. Gure konpromisoa da ondo egindako lana eskaintzea, iraunkorra eta tratu hurbilekoa.<\/p>\t\t\t\t\t\t\t\t<\/div>\n\t\t\t\t<\/div>\n\t\t\t\t\t<\/div>\n\t\t\t\t<\/div>\n\t\t<div class=\"elementor-element elementor-element-f9a82ee e-flex e-con-boxed e-con e-parent\" data-id=\"f9a82ee\" data-element_type=\"container\" data-e-type=\"container\">\n\t\t\t\t\t<div class=\"e-con-inner\">\n\t\t<div class=\"elementor-element elementor-element-29dda68 e-con-full e-flex e-con e-child\" data-id=\"29dda68\" data-element_type=\"container\" data-e-type=\"container\">\n\t\t\t\t<div class=\"elementor-element elementor-element-05d09fa elementor-widget elementor-widget-image\" data-id=\"05d09fa\" data-element_type=\"widget\" data-e-type=\"widget\" data-widget_type=\"image.default\">\n\t\t\t\t\t\t\t\t\t\t\t\t\t\t\t<img decoding=\"async\" width=\"626\" height=\"626\" src=\"https:\/\/carpinteriawardi.com\/wp-content\/uploads\/2026\/04\/imgi_130_wood-crafting-elements-arrangement_23-2148732384.jpg\" class=\"attachment-large size-large wp-image-100\" alt=\"\" srcset=\"https:\/\/carpinteriawardi.com\/wp-content\/uploads\/2026\/04\/imgi_130_wood-crafting-elements-arrangement_23-2148732384.jpg 626w, https:\/\/carpinteriawardi.com\/wp-content\/uploads\/2026\/04\/imgi_130_wood-crafting-elements-arrangement_23-2148732384-300x300.jpg 300w, https:\/\/carpinteriawardi.com\/wp-content\/uploads\/2026\/04\/imgi_130_wood-crafting-elements-arrangement_23-2148732384-150x150.jpg 150w, https:\/\/carpinteriawardi.com\/wp-content\/uploads\/2026\/04\/imgi_130_wood-crafting-elements-arrangement_23-2148732384-12x12.jpg 12w\" sizes=\"(max-width: 626px) 100vw, 626px\" \/>\t\t\t\t\t\t\t\t\t\t\t\t\t\t\t<\/div>\n\t\t\t\t<\/div>\n\t\t<div class=\"elementor-element elementor-element-b1502c9 e-con-full e-flex e-con e-child\" data-id=\"b1502c9\" data-element_type=\"container\" data-e-type=\"container\">\n\t\t\t\t<div class=\"elementor-element elementor-element-2488390 elementor-widget elementor-widget-heading\" data-id=\"2488390\" data-element_type=\"widget\" data-e-type=\"widget\" data-widget_type=\"heading.default\">\n\t\t\t\t\t<h2 class=\"elementor-heading-title elementor-size-default\">Gure filosofia:<\/h2>\t\t\t\t<\/div>\n\t\t\t\t<div class=\"elementor-element elementor-element-bec88b5 elementor-widget elementor-widget-text-editor\" data-id=\"bec88b5\" data-element_type=\"widget\" data-e-type=\"widget\" data-widget_type=\"text-editor.default\">\n\t\t\t\t\t\t\t\t\t<p>Zehaztasunez, konpromisoz eta xehetasunez lan egiten dugu proiektu bakoitzean. Gauzak ondo egitean sinesten dugu, presarik gabe eta emaitza iraunkorrekin.<\/p>\t\t\t\t\t\t\t\t<\/div>\n\t\t\t\t<\/div>\n\t\t\t\t\t<\/div>\n\t\t\t\t<\/div>\n\t\t<div class=\"elementor-element elementor-element-a4ead22 e-flex e-con-boxed e-con e-parent\" data-id=\"a4ead22\" data-element_type=\"container\" data-e-type=\"container\" data-settings=\"{&quot;background_background&quot;:&quot;classic&quot;}\">\n\t\t\t\t\t<div class=\"e-con-inner\">\n\t\t\t\t<div class=\"elementor-element elementor-element-c3bbc74 elementor-widget elementor-widget-heading\" data-id=\"c3bbc74\" data-element_type=\"widget\" data-e-type=\"widget\" data-widget_type=\"heading.default\">\n\t\t\t\t\t<h2 class=\"elementor-heading-title elementor-size-default\">Ezagutu gure zerbitzuak:<\/h2>\t\t\t\t<\/div>\n\t\t\t\t<div class=\"elementor-element elementor-element-decddb7 elementor-align-center elementor-widget elementor-widget-button\" data-id=\"decddb7\" data-element_type=\"widget\" data-e-type=\"widget\" data-widget_type=\"button.default\">\n\t\t\t\t\t\t\t\t\t\t<a class=\"elementor-button elementor-button-link elementor-size-sm elementor-animation-grow\" href=\"\/eu\/servicios\/\">\n\t\t\t\t\t\t<span class=\"elementor-button-content-wrapper\">\n\t\t\t\t\t\t<span class=\"elementor-button-icon\">\n\t\t\t\t<svg aria-hidden=\"true\" class=\"e-font-icon-svg e-far-hand-point-right\" viewbox=\"0 0 512 512\" xmlns=\"http:\/\/www.w3.org\/2000\/svg\"><path d=\"M428.8 137.6h-86.177a115.52 115.52 0 0 0 2.176-22.4c0-47.914-35.072-83.2-92-83.2-45.314 0-57.002 48.537-75.707 78.784-7.735 12.413-16.994 23.317-25.851 33.253l-.131.146-.129.148C135.662 161.807 127.764 168 120.8 168h-2.679c-5.747-4.952-13.536-8-22.12-8H32c-17.673 0-32 12.894-32 28.8v230.4C0 435.106 14.327 448 32 448h64c8.584 0 16.373-3.048 22.12-8h2.679c28.688 0 67.137 40 127.2 40h21.299c62.542 0 98.8-38.658 99.94-91.145 12.482-17.813 18.491-40.785 15.985-62.791A93.148 93.148 0 0 0 393.152 304H428.8c45.435 0 83.2-37.584 83.2-83.2 0-45.099-38.101-83.2-83.2-83.2zm0 118.4h-91.026c12.837 14.669 14.415 42.825-4.95 61.05 11.227 19.646 1.687 45.624-12.925 53.625 6.524 39.128-10.076 61.325-50.6 61.325H248c-45.491 0-77.21-35.913-120-39.676V215.571c25.239-2.964 42.966-21.222 59.075-39.596 11.275-12.65 21.725-25.3 30.799-39.875C232.355 112.712 244.006 80 252.8 80c23.375 0 44 8.8 44 35.2 0 35.2-26.4 53.075-26.4 70.4h158.4c18.425 0 35.2 16.5 35.2 35.2 0 18.975-16.225 35.2-35.2 35.2zM88 384c0 13.255-10.745 24-24 24s-24-10.745-24-24 10.745-24 24-24 24 10.745 24 24z\"><\/path><\/svg>\t\t\t<\/span>\n\t\t\t\t\t\t\t\t\t<span class=\"elementor-button-text\">Zerbitzuak<\/span>\n\t\t\t\t\t<\/span>\n\t\t\t\t\t<\/a>\n\t\t\t\t\t\t\t\t<\/div>\n\t\t\t\t\t<\/div>\n\t\t\t\t<\/div>\n\t\t\t\t<\/div>","protected":false},"excerpt":{"rendered":"<p>Carpinteria Wardi Soluciones a medida en carpinter\u00eda Sobre nosotros: En Carpinter\u00eda Wardi nos especializamos en trabajos de madera con acabados de calidad y atenci\u00f3n al detalle. Realizamos montaje de cocinas, puertas, armarios y suelos, adapt\u00e1ndonos a las necesidades de cada cliente. Nuestro compromiso es ofrecer un trabajo bien hecho, duradero y con un trato cercano. [&hellip;]<\/p>\n","protected":false},"author":1,"featured_media":0,"parent":0,"menu_order":0,"comment_status":"closed","ping_status":"closed","template":"elementor_canvas","meta":{"footnotes":""},"class_list":["post-2","page","type-page","status-publish","hentry"],"yoast_head":"<!-- This site is optimized with the Yoast SEO plugin v27.3 - https:\/\/yoast.com\/product\/yoast-seo-wordpress\/ -->\n<title>Inicio - Carpinteria Wardi<\/title>\n<meta name=\"robots\" content=\"index, follow, max-snippet:-1, max-image-preview:large, max-video-preview:-1\" \/>\n<link rel=\"canonical\" href=\"https:\/\/carpinteriawardi.com\/eu\/\" \/>\n<meta property=\"og:locale\" content=\"en_US\" \/>\n<meta property=\"og:type\" content=\"article\" \/>\n<meta property=\"og:title\" content=\"Inicio - Carpinteria Wardi\" \/>\n<meta property=\"og:description\" content=\"Carpinteria Wardi Soluciones a medida en carpinter\u00eda Sobre nosotros: En Carpinter\u00eda Wardi nos especializamos en trabajos de madera con acabados de calidad y atenci\u00f3n al detalle. Realizamos montaje de cocinas, puertas, armarios y suelos, adapt\u00e1ndonos a las necesidades de cada cliente. Nuestro compromiso es ofrecer un trabajo bien hecho, duradero y con un trato cercano. [&hellip;]\" \/>\n<meta property=\"og:url\" content=\"https:\/\/carpinteriawardi.com\/eu\/\" \/>\n<meta property=\"og:site_name\" content=\"Carpinteria Wardi\" \/>\n<meta property=\"article:modified_time\" content=\"2026-04-07T15:08:06+00:00\" \/>\n<meta property=\"og:image\" content=\"https:\/\/carpinteriawardi.com\/wp-content\/uploads\/2026\/04\/imgi_13_power-planer-being-used-flatten-piece-wood_1314467-6520.jpg\" \/>\n<meta name=\"twitter:card\" content=\"summary_large_image\" \/>\n<meta name=\"twitter:label1\" content=\"Est. reading time\" \/>\n\t<meta name=\"twitter:data1\" content=\"1 minutua\" \/>\n<script type=\"application\/ld+json\" class=\"yoast-schema-graph\">{\"@context\":\"https:\\\/\\\/schema.org\",\"@graph\":[{\"@type\":\"WebPage\",\"@id\":\"https:\\\/\\\/carpinteriawardi.com\\\/\",\"url\":\"https:\\\/\\\/carpinteriawardi.com\\\/\",\"name\":\"Inicio - Carpinteria Wardi\",\"isPartOf\":{\"@id\":\"https:\\\/\\\/carpinteriawardi.com\\\/#website\"},\"primaryImageOfPage\":{\"@id\":\"https:\\\/\\\/carpinteriawardi.com\\\/#primaryimage\"},\"image\":{\"@id\":\"https:\\\/\\\/carpinteriawardi.com\\\/#primaryimage\"},\"thumbnailUrl\":\"https:\\\/\\\/carpinteriawardi.com\\\/wp-content\\\/uploads\\\/2026\\\/04\\\/imgi_13_power-planer-being-used-flatten-piece-wood_1314467-6520.jpg\",\"datePublished\":\"2026-04-07T09:45:37+00:00\",\"dateModified\":\"2026-04-07T15:08:06+00:00\",\"breadcrumb\":{\"@id\":\"https:\\\/\\\/carpinteriawardi.com\\\/#breadcrumb\"},\"inLanguage\":\"eu\",\"potentialAction\":[{\"@type\":\"ReadAction\",\"target\":[\"https:\\\/\\\/carpinteriawardi.com\\\/\"]}]},{\"@type\":\"ImageObject\",\"inLanguage\":\"eu\",\"@id\":\"https:\\\/\\\/carpinteriawardi.com\\\/#primaryimage\",\"url\":\"https:\\\/\\\/carpinteriawardi.com\\\/wp-content\\\/uploads\\\/2026\\\/04\\\/imgi_13_power-planer-being-used-flatten-piece-wood_1314467-6520.jpg\",\"contentUrl\":\"https:\\\/\\\/carpinteriawardi.com\\\/wp-content\\\/uploads\\\/2026\\\/04\\\/imgi_13_power-planer-being-used-flatten-piece-wood_1314467-6520.jpg\"},{\"@type\":\"BreadcrumbList\",\"@id\":\"https:\\\/\\\/carpinteriawardi.com\\\/#breadcrumb\",\"itemListElement\":[{\"@type\":\"ListItem\",\"position\":1,\"name\":\"Portada\",\"item\":\"https:\\\/\\\/carpinteriawardi.com\\\/\"},{\"@type\":\"ListItem\",\"position\":2,\"name\":\"Inicio\"}]},{\"@type\":\"WebSite\",\"@id\":\"https:\\\/\\\/carpinteriawardi.com\\\/#website\",\"url\":\"https:\\\/\\\/carpinteriawardi.com\\\/\",\"name\":\"Carpinteria Wardi\",\"description\":\"Carpinter\u00eda de madera y ebanister\u00eda en BILBAO, BIZKAIA \\\/ +34 632 553 503\",\"publisher\":{\"@id\":\"https:\\\/\\\/carpinteriawardi.com\\\/#organization\"},\"potentialAction\":[{\"@type\":\"SearchAction\",\"target\":{\"@type\":\"EntryPoint\",\"urlTemplate\":\"https:\\\/\\\/carpinteriawardi.com\\\/?s={search_term_string}\"},\"query-input\":{\"@type\":\"PropertyValueSpecification\",\"valueRequired\":true,\"valueName\":\"search_term_string\"}}],\"inLanguage\":\"eu\"},{\"@type\":\"Organization\",\"@id\":\"https:\\\/\\\/carpinteriawardi.com\\\/#organization\",\"name\":\"Carpinteria Wardi\",\"url\":\"https:\\\/\\\/carpinteriawardi.com\\\/\",\"logo\":{\"@type\":\"ImageObject\",\"inLanguage\":\"eu\",\"@id\":\"https:\\\/\\\/carpinteriawardi.com\\\/#\\\/schema\\\/logo\\\/image\\\/\",\"url\":\"https:\\\/\\\/carpinteriawardi.com\\\/wp-content\\\/uploads\\\/2026\\\/04\\\/carpinteriawardi202604_logo_web-scaled.png\",\"contentUrl\":\"https:\\\/\\\/carpinteriawardi.com\\\/wp-content\\\/uploads\\\/2026\\\/04\\\/carpinteriawardi202604_logo_web-scaled.png\",\"width\":2560,\"height\":1155,\"caption\":\"Carpinteria Wardi\"},\"image\":{\"@id\":\"https:\\\/\\\/carpinteriawardi.com\\\/#\\\/schema\\\/logo\\\/image\\\/\"}}]}<\/script>\n<!-- \/ Yoast SEO plugin. -->","yoast_head_json":{"title":"Inicio - Carpinteria Wardi","robots":{"index":"index","follow":"follow","max-snippet":"max-snippet:-1","max-image-preview":"max-image-preview:large","max-video-preview":"max-video-preview:-1"},"canonical":"https:\/\/carpinteriawardi.com\/eu\/","og_locale":"en_US","og_type":"article","og_title":"Inicio - Carpinteria Wardi","og_description":"Carpinteria Wardi Soluciones a medida en carpinter\u00eda Sobre nosotros: En Carpinter\u00eda Wardi nos especializamos en trabajos de madera con acabados de calidad y atenci\u00f3n al detalle. Realizamos montaje de cocinas, puertas, armarios y suelos, adapt\u00e1ndonos a las necesidades de cada cliente. Nuestro compromiso es ofrecer un trabajo bien hecho, duradero y con un trato cercano. [&hellip;]","og_url":"https:\/\/carpinteriawardi.com\/eu\/","og_site_name":"Carpinteria Wardi","article_modified_time":"2026-04-07T15:08:06+00:00","og_image":[{"url":"https:\/\/carpinteriawardi.com\/wp-content\/uploads\/2026\/04\/imgi_13_power-planer-being-used-flatten-piece-wood_1314467-6520.jpg","type":"","width":"","height":""}],"twitter_card":"summary_large_image","twitter_misc":{"Est. reading time":"1 minutua"},"schema":{"@context":"https:\/\/schema.org","@graph":[{"@type":"WebPage","@id":"https:\/\/carpinteriawardi.com\/","url":"https:\/\/carpinteriawardi.com\/","name":"Inicio - Carpinteria Wardi","isPartOf":{"@id":"https:\/\/carpinteriawardi.com\/#website"},"primaryImageOfPage":{"@id":"https:\/\/carpinteriawardi.com\/#primaryimage"},"image":{"@id":"https:\/\/carpinteriawardi.com\/#primaryimage"},"thumbnailUrl":"https:\/\/carpinteriawardi.com\/wp-content\/uploads\/2026\/04\/imgi_13_power-planer-being-used-flatten-piece-wood_1314467-6520.jpg","datePublished":"2026-04-07T09:45:37+00:00","dateModified":"2026-04-07T15:08:06+00:00","breadcrumb":{"@id":"https:\/\/carpinteriawardi.com\/#breadcrumb"},"inLanguage":"eu","potentialAction":[{"@type":"ReadAction","target":["https:\/\/carpinteriawardi.com\/"]}]},{"@type":"ImageObject","inLanguage":"eu","@id":"https:\/\/carpinteriawardi.com\/#primaryimage","url":"https:\/\/carpinteriawardi.com\/wp-content\/uploads\/2026\/04\/imgi_13_power-planer-being-used-flatten-piece-wood_1314467-6520.jpg","contentUrl":"https:\/\/carpinteriawardi.com\/wp-content\/uploads\/2026\/04\/imgi_13_power-planer-being-used-flatten-piece-wood_1314467-6520.jpg"},{"@type":"BreadcrumbList","@id":"https:\/\/carpinteriawardi.com\/#breadcrumb","itemListElement":[{"@type":"ListItem","position":1,"name":"Portada","item":"https:\/\/carpinteriawardi.com\/"},{"@type":"ListItem","position":2,"name":"Inicio"}]},{"@type":"WebSite","@id":"https:\/\/carpinteriawardi.com\/#website","url":"https:\/\/carpinteriawardi.com\/","name":"Wardi Arotzeria","description":"Carpinter\u00eda de madera y ebanister\u00eda en BILBAO, BIZKAIA \/ +34 632 553 503","publisher":{"@id":"https:\/\/carpinteriawardi.com\/#organization"},"potentialAction":[{"@type":"SearchAction","target":{"@type":"EntryPoint","urlTemplate":"https:\/\/carpinteriawardi.com\/?s={search_term_string}"},"query-input":{"@type":"PropertyValueSpecification","valueRequired":true,"valueName":"search_term_string"}}],"inLanguage":"eu"},{"@type":"Organization","@id":"https:\/\/carpinteriawardi.com\/#organization","name":"Wardi Arotzeria","url":"https:\/\/carpinteriawardi.com\/","logo":{"@type":"ImageObject","inLanguage":"eu","@id":"https:\/\/carpinteriawardi.com\/#\/schema\/logo\/image\/","url":"https:\/\/carpinteriawardi.com\/wp-content\/uploads\/2026\/04\/carpinteriawardi202604_logo_web-scaled.png","contentUrl":"https:\/\/carpinteriawardi.com\/wp-content\/uploads\/2026\/04\/carpinteriawardi202604_logo_web-scaled.png","width":2560,"height":1155,"caption":"Carpinteria Wardi"},"image":{"@id":"https:\/\/carpinteriawardi.com\/#\/schema\/logo\/image\/"}}]}},"_links":{"self":[{"href":"https:\/\/carpinteriawardi.com\/eu\/wp-json\/wp\/v2\/pages\/2","targetHints":{"allow":["GET"]}}],"collection":[{"href":"https:\/\/carpinteriawardi.com\/eu\/wp-json\/wp\/v2\/pages"}],"about":[{"href":"https:\/\/carpinteriawardi.com\/eu\/wp-json\/wp\/v2\/types\/page"}],"author":[{"embeddable":true,"href":"https:\/\/carpinteriawardi.com\/eu\/wp-json\/wp\/v2\/users\/1"}],"replies":[{"embeddable":true,"href":"https:\/\/carpinteriawardi.com\/eu\/wp-json\/wp\/v2\/comments?post=2"}],"version-history":[{"count":31,"href":"https:\/\/carpinteriawardi.com\/eu\/wp-json\/wp\/v2\/pages\/2\/revisions"}],"predecessor-version":[{"id":112,"href":"https:\/\/carpinteriawardi.com\/eu\/wp-json\/wp\/v2\/pages\/2\/revisions\/112"}],"wp:attachment":[{"href":"https:\/\/carpinteriawardi.com\/eu\/wp-json\/wp\/v2\/media?parent=2"}],"curies":[{"name":"wp","href":"https:\/\/api.w.org\/{rel}","templated":true}]}}